{"id":1176,"date":"2022-06-02T08:58:59","date_gmt":"2022-06-02T07:58:59","guid":{"rendered":"https:\/\/www.ballinipitt.com\/kontakt\/"},"modified":"2023-04-25T09:01:30","modified_gmt":"2023-04-25T08:01:30","slug":"kontakt","status":"publish","type":"page","link":"https:\/\/www.ballinipitt.lu\/de\/kontakt\/","title":{"rendered":"Kontakt"},"content":{"rendered":"\t\t<div data-elementor-type=\"wp-page\" data-elementor-id=\"1176\" class=\"elementor elementor-1176 elementor-41\" data-elementor-post-type=\"page\">\n\t\t\t\t\t\t<section class=\"elementor-section elementor-top-section elementor-element elementor-element-59cd853f elementor-section-height-min-height elementor-section-boxed elementor-section-height-default elementor-section-items-middle\" data-id=\"59cd853f\" data-element_type=\"section\" data-e-type=\"section\" data-settings=\"{&quot;background_background&quot;:&quot;classic&quot;}\">\n\t\t\t\t\t\t<div class=\"elementor-container elementor-column-gap-no\">\n\t\t\t\t\t<div class=\"elementor-column elementor-col-100 elementor-top-column elementor-element elementor-element-304b615c\" data-id=\"304b615c\" data-element_type=\"column\" data-e-type=\"column\">\n\t\t\t<div class=\"elementor-widget-wrap elementor-element-populated\">\n\t\t\t\t\t\t<div class=\"elementor-element elementor-element-755c9862 elementor-widget elementor-widget-heading\" data-id=\"755c9862\" data-element_type=\"widget\" data-e-type=\"widget\" data-widget_type=\"heading.default\">\n\t\t\t\t<div class=\"elementor-widget-container\">\n\t\t\t\t\t<h1 class=\"elementor-heading-title elementor-size-default\">Kontakt<\/h1>\t\t\t\t<\/div>\n\t\t\t\t<\/div>\n\t\t\t\t<section class=\"elementor-section elementor-inner-section elementor-element elementor-element-736ccc83 elementor-section-boxed elementor-section-height-default elementor-section-height-default\" data-id=\"736ccc83\" data-element_type=\"section\" data-e-type=\"section\">\n\t\t\t\t\t\t<div class=\"elementor-container elementor-column-gap-no\">\n\t\t\t\t\t<div class=\"elementor-column elementor-col-100 elementor-inner-column elementor-element elementor-element-59555d67\" data-id=\"59555d67\" data-element_type=\"column\" data-e-type=\"column\">\n\t\t\t<div class=\"elementor-widget-wrap elementor-element-populated\">\n\t\t\t\t\t\t<div class=\"elementor-element elementor-element-4882741f elementor-widget elementor-widget-text-editor\" data-id=\"4882741f\" data-element_type=\"widget\" data-e-type=\"widget\" data-widget_type=\"text-editor.default\">\n\t\t\t\t<div class=\"elementor-widget-container\">\n\t\t\t\t\t\t\t\t\t<p>Wir k\u00fcmmern uns gerne um Ihr Projekt<br \/>Kontaktieren Sie uns unter den folgenden Kontaktdaten:<\/p>\n\t\t\t\t\t\t\t\t<\/div>\n\t\t\t\t<\/div>\n\t\t\t\t<div class=\"elementor-element elementor-element-139d85a9 elementor-widget-divider--view-line elementor-widget elementor-widget-divider\" data-id=\"139d85a9\" data-element_type=\"widget\" data-e-type=\"widget\" data-widget_type=\"divider.default\">\n\t\t\t\t<div class=\"elementor-widget-container\">\n\t\t\t\t\t\t\t<div class=\"elementor-divider\">\n\t\t\t<span class=\"elementor-divider-separator\">\n\t\t\t\t\t\t<\/span>\n\t\t<\/div>\n\t\t\t\t\t\t<\/div>\n\t\t\t\t<\/div>\n\t\t\t\t<div class=\"elementor-element elementor-element-21ea53d elementor-align-center elementor-icon-list--layout-traditional elementor-list-item-link-full_width elementor-widget elementor-widget-icon-list\" data-id=\"21ea53d\" data-element_type=\"widget\" data-e-type=\"widget\" data-widget_type=\"icon-list.default\">\n\t\t\t\t<div class=\"elementor-widget-container\">\n\t\t\t\t\t\t\t<ul class=\"elementor-icon-list-items\">\n\t\t\t\t\t\t\t<li class=\"elementor-icon-list-item\">\n\t\t\t\t\t\t\t\t\t\t\t<span class=\"elementor-icon-list-icon\">\n\t\t\t\t\t\t\t<i aria-hidden=\"true\" class=\"far fa-building\"><\/i>\t\t\t\t\t\t<\/span>\n\t\t\t\t\t\t\t\t\t\t<span class=\"elementor-icon-list-text\">39, Val Saint Andr\u00e9 L-1128 Luxemburg-Stadt Luxemburg<\/span>\n\t\t\t\t\t\t\t\t\t<\/li>\n\t\t\t\t\t\t\t\t<li class=\"elementor-icon-list-item\">\n\t\t\t\t\t\t\t\t\t\t\t<span class=\"elementor-icon-list-icon\">\n\t\t\t\t\t\t\t<i aria-hidden=\"true\" class=\"fas fa-phone\"><\/i>\t\t\t\t\t\t<\/span>\n\t\t\t\t\t\t\t\t\t\t<span class=\"elementor-icon-list-text\">+352 453101<\/span>\n\t\t\t\t\t\t\t\t\t<\/li>\n\t\t\t\t\t\t\t\t<li class=\"elementor-icon-list-item\">\n\t\t\t\t\t\t\t\t\t\t\t<a href=\"mailto:info@ballinipitt.lu\">\n\n\t\t\t\t\t\t\t\t\t\t\t\t<span class=\"elementor-icon-list-icon\">\n\t\t\t\t\t\t\t<i aria-hidden=\"true\" class=\"far fa-envelope\"><\/i>\t\t\t\t\t\t<\/span>\n\t\t\t\t\t\t\t\t\t\t<span class=\"elementor-icon-list-text\">info@ballinipitt.lu<\/span>\n\t\t\t\t\t\t\t\t\t\t\t<\/a>\n\t\t\t\t\t\t\t\t\t<\/li>\n\t\t\t\t\t\t<\/ul>\n\t\t\t\t\t\t<\/div>\n\t\t\t\t<\/div>\n\t\t\t\t<div class=\"elementor-element elementor-element-adcf6f2 elementor-widget-divider--view-line elementor-widget elementor-widget-divider\" data-id=\"adcf6f2\" data-element_type=\"widget\" data-e-type=\"widget\" data-widget_type=\"divider.default\">\n\t\t\t\t<div class=\"elementor-widget-container\">\n\t\t\t\t\t\t\t<div class=\"elementor-divider\">\n\t\t\t<span class=\"elementor-divider-separator\">\n\t\t\t\t\t\t<\/span>\n\t\t<\/div>\n\t\t\t\t\t\t<\/div>\n\t\t\t\t<\/div>\n\t\t\t\t<div class=\"elementor-element elementor-element-7ee23e5 elementor-widget elementor-widget-text-editor\" data-id=\"7ee23e5\" data-element_type=\"widget\" data-e-type=\"widget\" data-widget_type=\"text-editor.default\">\n\t\t\t\t<div class=\"elementor-widget-container\">\n\t\t\t\t\t\t\t\t\t<h6>Zugang mit \u00f6ffentlichen Verkehrsmitteln:<\/h6>\n\t\t\t\t\t\t\t\t<\/div>\n\t\t\t\t<\/div>\n\t\t\t\t<div class=\"elementor-element elementor-element-3a34884 elementor-align-center elementor-icon-list--layout-traditional elementor-list-item-link-full_width elementor-widget elementor-widget-icon-list\" data-id=\"3a34884\" data-element_type=\"widget\" data-e-type=\"widget\" data-widget_type=\"icon-list.default\">\n\t\t\t\t<div class=\"elementor-widget-container\">\n\t\t\t\t\t\t\t<ul class=\"elementor-icon-list-items\">\n\t\t\t\t\t\t\t<li class=\"elementor-icon-list-item\">\n\t\t\t\t\t\t\t\t\t\t\t<span class=\"elementor-icon-list-icon\">\n\t\t\t\t\t\t\t<i aria-hidden=\"true\" class=\"fas fa-bus\"><\/i>\t\t\t\t\t\t<\/span>\n\t\t\t\t\t\t\t\t\t\t<span class=\"elementor-icon-list-text\">Bus 13, 22, 24 (Haltestelle Belair, Kannerklinik\/Maternit\u00e9)  <\/span>\n\t\t\t\t\t\t\t\t\t<\/li>\n\t\t\t\t\t\t\t\t<li class=\"elementor-icon-list-item\">\n\t\t\t\t\t\t\t\t\t\t\t<span class=\"elementor-icon-list-icon\">\n\t\t\t\t\t\t\t<i aria-hidden=\"true\" class=\"fas fa-bus\"><\/i>\t\t\t\t\t\t<\/span>\n\t\t\t\t\t\t\t\t\t\t<span class=\"elementor-icon-list-text\">Bus 21 (Haltestelle Rollingergrund, Val St Andr\u00e9)<\/span>\n\t\t\t\t\t\t\t\t\t<\/li>\n\t\t\t\t\t\t<\/ul>\n\t\t\t\t\t\t<\/div>\n\t\t\t\t<\/div>\n\t\t\t\t\t<\/div>\n\t\t<\/div>\n\t\t\t\t\t<\/div>\n\t\t<\/section>\n\t\t\t\t\t<\/div>\n\t\t<\/div>\n\t\t\t\t\t<\/div>\n\t\t<\/section>\n\t\t\t\t<section class=\"elementor-section elementor-top-section elementor-element elementor-element-6b6b0606 elementor-section-full_width elementor-section-height-default elementor-section-height-default\" data-id=\"6b6b0606\" data-element_type=\"section\" data-e-type=\"section\">\n\t\t\t\t\t\t<div class=\"elementor-container elementor-column-gap-no\">\n\t\t\t\t\t<div class=\"elementor-column elementor-col-100 elementor-top-column elementor-element elementor-element-6f46df1e\" data-id=\"6f46df1e\" data-element_type=\"column\" data-e-type=\"column\">\n\t\t\t<div class=\"elementor-widget-wrap elementor-element-populated\">\n\t\t\t\t\t\t<div class=\"elementor-element elementor-element-12168fa elementor-widget elementor-widget-google_maps\" data-id=\"12168fa\" data-element_type=\"widget\" data-e-type=\"widget\" data-settings=\"{&quot;motion_fx_motion_fx_scrolling&quot;:&quot;yes&quot;,&quot;motion_fx_devices&quot;:[&quot;desktop&quot;,&quot;tablet&quot;,&quot;mobile&quot;]}\" data-widget_type=\"google_maps.default\">\n\t\t\t\t<div class=\"elementor-widget-container\">\n\t\t\t\t\t\t\t<div class=\"elementor-custom-embed\">\n\t\t\t<iframe loading=\"lazy\"\n\t\t\t\t\tsrc=\"https:\/\/www.google.com\/maps\/embed\/v1\/place?key=AIzaSyDJHL5jDiuEubz5VzYXuXcxAv2hEztMjhg&#038;q=39%2C%20val%20saint%20andr%C3%A9&#038;zoom=10\"\n\t\t\t\t\ttitle=\"39, val saint andr\u00e9\"\n\t\t\t\t\taria-label=\"39, val saint andr\u00e9\"\n\t\t\t><\/iframe>\n\t\t<\/div>\n\t\t\t\t\t\t<\/div>\n\t\t\t\t<\/div>\n\t\t\t\t\t<\/div>\n\t\t<\/div>\n\t\t\t\t\t<\/div>\n\t\t<\/section>\n\t\t\t\t<\/div>\n\t\t","protected":false},"excerpt":{"rendered":"<p>Kontakt Wir k\u00fcmmern uns gerne um Ihr ProjektKontaktieren Sie uns unter den folgenden Kontaktdaten: 39, Val Saint Andr\u00e9 L-1128 Luxemburg-Stadt Luxemburg +352 453101 info@ballinipitt.lu Zugang mit \u00f6ffentlichen Verkehrsmitteln: Bus 13, 22, 24 (Haltestelle Belair, Kannerklinik\/Maternit\u00e9) Bus 21 (Haltestelle Rollingergrund, Val St Andr\u00e9)<\/p>\n","protected":false},"author":1,"featured_media":0,"parent":0,"menu_order":0,"comment_status":"closed","ping_status":"closed","template":"elementor_header_footer","meta":{"footnotes":""},"class_list":["post-1176","page","type-page","status-publish","hentry"],"yoast_head":"<!-- This site is optimized with the Yoast SEO Premium plugin v27.3 (Yoast SEO v27.3) - https:\/\/yoast.com\/product\/yoast-seo-premium-wordpress\/ -->\n<title>Kontakt - BALLINIPITT architectes urbanistes<\/title>\n<meta name=\"description\" content=\"Unsere Architekten und Stadtplaner stehen Ihnen zur Verf\u00fcgung, um sich um Ihre Projekte zu k\u00fcmmern. Hier sind unsere Kontaktdaten!\" \/>\n<meta name=\"robots\" content=\"index, follow, max-snippet:-1, max-image-preview:large, max-video-preview:-1\" \/>\n<link rel=\"canonical\" href=\"https:\/\/www.ballinipitt.lu\/de\/kontakt\/\" \/>\n<meta property=\"og:locale\" content=\"de_DE\" \/>\n<meta property=\"og:type\" content=\"article\" \/>\n<meta property=\"og:title\" content=\"Kontakt\" \/>\n<meta property=\"og:url\" content=\"https:\/\/www.ballinipitt.lu\/de\/kontakt\/\" \/>\n<meta property=\"og:site_name\" content=\"BALLINIPITT architectes urbanistes\" \/>\n<meta property=\"article:publisher\" content=\"https:\/\/www.facebook.com\/Ballinipitt\" \/>\n<meta property=\"article:modified_time\" content=\"2023-04-25T08:01:30+00:00\" \/>\n<meta property=\"og:image\" content=\"https:\/\/www.ballinipitt.lu\/wp-content\/uploads\/2026\/04\/Cohousing-Bonnevoie-habitat-participatif-logement-Luxembourg-1-\u00a9BALLINIPITT.jpg\" \/>\n\t<meta property=\"og:image:width\" content=\"1600\" \/>\n\t<meta property=\"og:image:height\" content=\"1066\" \/>\n\t<meta property=\"og:image:type\" content=\"image\/jpeg\" \/>\n<meta name=\"twitter:card\" content=\"summary_large_image\" \/>\n<meta name=\"twitter:site\" content=\"@BALLINIPITT\" \/>\n<script type=\"application\/ld+json\" class=\"yoast-schema-graph\">{\"@context\":\"https:\\\/\\\/schema.org\",\"@graph\":[{\"@type\":\"WebPage\",\"@id\":\"https:\\\/\\\/www.ballinipitt.lu\\\/de\\\/kontakt\\\/\",\"url\":\"https:\\\/\\\/www.ballinipitt.lu\\\/de\\\/kontakt\\\/\",\"name\":\"Kontakt - BALLINIPITT architectes urbanistes\",\"isPartOf\":{\"@id\":\"https:\\\/\\\/www.ballinipitt.lu\\\/de\\\/#website\"},\"datePublished\":\"2022-06-02T07:58:59+00:00\",\"dateModified\":\"2023-04-25T08:01:30+00:00\",\"description\":\"Unsere Architekten und Stadtplaner stehen Ihnen zur Verf\u00fcgung, um sich um Ihre Projekte zu k\u00fcmmern. Hier sind unsere Kontaktdaten!\",\"breadcrumb\":{\"@id\":\"https:\\\/\\\/www.ballinipitt.lu\\\/de\\\/kontakt\\\/#breadcrumb\"},\"inLanguage\":\"de-DE\",\"potentialAction\":[{\"@type\":\"ReadAction\",\"target\":[\"https:\\\/\\\/www.ballinipitt.lu\\\/de\\\/kontakt\\\/\"]}]},{\"@type\":\"BreadcrumbList\",\"@id\":\"https:\\\/\\\/www.ballinipitt.lu\\\/de\\\/kontakt\\\/#breadcrumb\",\"itemListElement\":[{\"@type\":\"ListItem\",\"position\":1,\"name\":\"BALLINIPITT\",\"item\":\"https:\\\/\\\/www.ballinipitt.lu\\\/de\\\/start\\\/\"},{\"@type\":\"ListItem\",\"position\":2,\"name\":\"Kontakt\"}]},{\"@type\":\"WebSite\",\"@id\":\"https:\\\/\\\/www.ballinipitt.lu\\\/de\\\/#website\",\"url\":\"https:\\\/\\\/www.ballinipitt.lu\\\/de\\\/\",\"name\":\"BALLINIPITT architectes urbanistes\",\"description\":\"Bureau d&#039;architecture et d&#039;urbanisme bas\u00e9 au Luxembourg\",\"publisher\":{\"@id\":\"https:\\\/\\\/www.ballinipitt.lu\\\/de\\\/#organization\"},\"potentialAction\":[{\"@type\":\"SearchAction\",\"target\":{\"@type\":\"EntryPoint\",\"urlTemplate\":\"https:\\\/\\\/www.ballinipitt.lu\\\/de\\\/?s={search_term_string}\"},\"query-input\":{\"@type\":\"PropertyValueSpecification\",\"valueRequired\":true,\"valueName\":\"search_term_string\"}}],\"inLanguage\":\"de-DE\"},{\"@type\":\"Organization\",\"@id\":\"https:\\\/\\\/www.ballinipitt.lu\\\/de\\\/#organization\",\"name\":\"BALLINIPITT architectes urbanistes\",\"alternateName\":\"BALLINIPITT\",\"url\":\"https:\\\/\\\/www.ballinipitt.lu\\\/de\\\/\",\"logo\":{\"@type\":\"ImageObject\",\"inLanguage\":\"de-DE\",\"@id\":\"https:\\\/\\\/www.ballinipitt.lu\\\/de\\\/#\\\/schema\\\/logo\\\/image\\\/\",\"url\":\"https:\\\/\\\/www.ballinipitt.lu\\\/wp-content\\\/uploads\\\/2022\\\/05\\\/cropped-BALLINIPITT-architectes-urbanistes-basic-bk-transparent-100x470-1.gif\",\"contentUrl\":\"https:\\\/\\\/www.ballinipitt.lu\\\/wp-content\\\/uploads\\\/2022\\\/05\\\/cropped-BALLINIPITT-architectes-urbanistes-basic-bk-transparent-100x470-1.gif\",\"width\":350,\"height\":100,\"caption\":\"BALLINIPITT architectes urbanistes\"},\"image\":{\"@id\":\"https:\\\/\\\/www.ballinipitt.lu\\\/de\\\/#\\\/schema\\\/logo\\\/image\\\/\"},\"sameAs\":[\"https:\\\/\\\/www.facebook.com\\\/Ballinipitt\",\"https:\\\/\\\/x.com\\\/BALLINIPITT\",\"https:\\\/\\\/www.instagram.com\\\/ballinipitt\",\"https:\\\/\\\/www.linkedin.com\\\/company\\\/ballinipitt-architectes-urbaniste\\\/\"]}]}<\/script>\n<!-- \/ Yoast SEO Premium plugin. -->","yoast_head_json":{"title":"Kontakt - BALLINIPITT architectes urbanistes","description":"Unsere Architekten und Stadtplaner stehen Ihnen zur Verf\u00fcgung, um sich um Ihre Projekte zu k\u00fcmmern. Hier sind unsere Kontaktdaten!","robots":{"index":"index","follow":"follow","max-snippet":"max-snippet:-1","max-image-preview":"max-image-preview:large","max-video-preview":"max-video-preview:-1"},"canonical":"https:\/\/www.ballinipitt.lu\/de\/kontakt\/","og_locale":"de_DE","og_type":"article","og_title":"Kontakt","og_url":"https:\/\/www.ballinipitt.lu\/de\/kontakt\/","og_site_name":"BALLINIPITT architectes urbanistes","article_publisher":"https:\/\/www.facebook.com\/Ballinipitt","article_modified_time":"2023-04-25T08:01:30+00:00","og_image":[{"width":1600,"height":1066,"url":"https:\/\/www.ballinipitt.lu\/wp-content\/uploads\/2026\/04\/Cohousing-Bonnevoie-habitat-participatif-logement-Luxembourg-1-\u00a9BALLINIPITT.jpg","type":"image\/jpeg"}],"twitter_card":"summary_large_image","twitter_site":"@BALLINIPITT","schema":{"@context":"https:\/\/schema.org","@graph":[{"@type":"WebPage","@id":"https:\/\/www.ballinipitt.lu\/de\/kontakt\/","url":"https:\/\/www.ballinipitt.lu\/de\/kontakt\/","name":"Kontakt - BALLINIPITT architectes urbanistes","isPartOf":{"@id":"https:\/\/www.ballinipitt.lu\/de\/#website"},"datePublished":"2022-06-02T07:58:59+00:00","dateModified":"2023-04-25T08:01:30+00:00","description":"Unsere Architekten und Stadtplaner stehen Ihnen zur Verf\u00fcgung, um sich um Ihre Projekte zu k\u00fcmmern. Hier sind unsere Kontaktdaten!","breadcrumb":{"@id":"https:\/\/www.ballinipitt.lu\/de\/kontakt\/#breadcrumb"},"inLanguage":"de-DE","potentialAction":[{"@type":"ReadAction","target":["https:\/\/www.ballinipitt.lu\/de\/kontakt\/"]}]},{"@type":"BreadcrumbList","@id":"https:\/\/www.ballinipitt.lu\/de\/kontakt\/#breadcrumb","itemListElement":[{"@type":"ListItem","position":1,"name":"BALLINIPITT","item":"https:\/\/www.ballinipitt.lu\/de\/start\/"},{"@type":"ListItem","position":2,"name":"Kontakt"}]},{"@type":"WebSite","@id":"https:\/\/www.ballinipitt.lu\/de\/#website","url":"https:\/\/www.ballinipitt.lu\/de\/","name":"BALLINIPITT architectes urbanistes","description":"Bureau d&#039;architecture et d&#039;urbanisme bas\u00e9 au Luxembourg","publisher":{"@id":"https:\/\/www.ballinipitt.lu\/de\/#organization"},"potentialAction":[{"@type":"SearchAction","target":{"@type":"EntryPoint","urlTemplate":"https:\/\/www.ballinipitt.lu\/de\/?s={search_term_string}"},"query-input":{"@type":"PropertyValueSpecification","valueRequired":true,"valueName":"search_term_string"}}],"inLanguage":"de-DE"},{"@type":"Organization","@id":"https:\/\/www.ballinipitt.lu\/de\/#organization","name":"BALLINIPITT architectes urbanistes","alternateName":"BALLINIPITT","url":"https:\/\/www.ballinipitt.lu\/de\/","logo":{"@type":"ImageObject","inLanguage":"de-DE","@id":"https:\/\/www.ballinipitt.lu\/de\/#\/schema\/logo\/image\/","url":"https:\/\/www.ballinipitt.lu\/wp-content\/uploads\/2022\/05\/cropped-BALLINIPITT-architectes-urbanistes-basic-bk-transparent-100x470-1.gif","contentUrl":"https:\/\/www.ballinipitt.lu\/wp-content\/uploads\/2022\/05\/cropped-BALLINIPITT-architectes-urbanistes-basic-bk-transparent-100x470-1.gif","width":350,"height":100,"caption":"BALLINIPITT architectes urbanistes"},"image":{"@id":"https:\/\/www.ballinipitt.lu\/de\/#\/schema\/logo\/image\/"},"sameAs":["https:\/\/www.facebook.com\/Ballinipitt","https:\/\/x.com\/BALLINIPITT","https:\/\/www.instagram.com\/ballinipitt","https:\/\/www.linkedin.com\/company\/ballinipitt-architectes-urbaniste\/"]}]}},"_links":{"self":[{"href":"https:\/\/www.ballinipitt.lu\/de\/wp-json\/wp\/v2\/pages\/1176","targetHints":{"allow":["GET"]}}],"collection":[{"href":"https:\/\/www.ballinipitt.lu\/de\/wp-json\/wp\/v2\/pages"}],"about":[{"href":"https:\/\/www.ballinipitt.lu\/de\/wp-json\/wp\/v2\/types\/page"}],"author":[{"embeddable":true,"href":"https:\/\/www.ballinipitt.lu\/de\/wp-json\/wp\/v2\/users\/1"}],"replies":[{"embeddable":true,"href":"https:\/\/www.ballinipitt.lu\/de\/wp-json\/wp\/v2\/comments?post=1176"}],"version-history":[{"count":9,"href":"https:\/\/www.ballinipitt.lu\/de\/wp-json\/wp\/v2\/pages\/1176\/revisions"}],"predecessor-version":[{"id":5200,"href":"https:\/\/www.ballinipitt.lu\/de\/wp-json\/wp\/v2\/pages\/1176\/revisions\/5200"}],"wp:attachment":[{"href":"https:\/\/www.ballinipitt.lu\/de\/wp-json\/wp\/v2\/media?parent=1176"}],"curies":[{"name":"wp","href":"https:\/\/api.w.org\/{rel}","templated":true}]}}